{"id":10,"date":"2014-03-31T12:44:47","date_gmt":"2014-03-31T10:44:47","guid":{"rendered":"https:\/\/www.lhg-ffm.de\/?page_id=10"},"modified":"2025-07-18T17:47:56","modified_gmt":"2025-07-18T15:47:56","slug":"impressum","status":"publish","type":"page","link":"https:\/\/lhg-ffm.de\/?page_id=10","title":{"rendered":"Impressum"},"content":{"rendered":"<p><strong><strong><em>Anbieterkennzeichnung<\/em><\/strong><\/strong><\/p>\n<p>Liberale Hochschulgruppe Frankfurt\/Main<br \/>\nStudierendenhaus Raum C136<br \/>\nMertonstr. 26-28<br \/>\n60325 Frankfurt am Main<\/p>\n<p>Verantwortlich im Sinne des Presserechts:<\/p>\n<p>Redaktion: Carl Gerhold<br \/>\nKontakt: &#x6b;&#x6f;&#110;&#116;a&#x6b;&#x74;&#x40;&#108;&#104;g&#x2d;&#x66;&#x66;&#109;&#46;d&#x65;<\/p>\n<p>Rechtliche Hinweise<\/p>\n<p><strong>Sicherheit f\u00fcr Internet Nutzer<\/strong><br \/>\nBei der Speicherung und Verwendung von personenbezogenen Daten halten wir uns an die Grunds\u00e4tze des Online Datenschutzes.<\/p>\n<p>Wir weisen ausdr\u00fccklich darauf hin, das die derzeit an uns \u00fcbertragen Daten, unverschl\u00fcsselt zu unserem Server geschickt werden.<\/p>\n<p><strong>Grunds\u00e4tze des Online Datenschutzes<\/strong><br \/>\n&#8211; Wir garantieren, da\u00df alle eingehenden Daten nur zweckgebunden verwendet werden.<br \/>\nEine Weitergabe an Dritte erfolgt nicht.<br \/>\n&#8211; Ihre E-Mail-Adresse verwenden wir ausschlie\u00dflich f\u00fcr die Korrespondenz mit Ihnen.<\/p>\n<p>Eine Dokumentation des <a href=\"https:\/\/web.archive.org\/web\/20120324215400\/http:\/\/www.bfd.bund.de\/information\/index.html\" target=\"_blank\" rel=\"noopener noreferrer\">Bundesdatenschutzgesetzes (BDSG)<\/a> k\u00f6nnen Sie auch im Internet <a href=\"https:\/\/web.archive.org\/web\/20120324215400\/http:\/\/www.bfd.bund.de\/information\/index.html\" target=\"_blank\" rel=\"noopener noreferrer\">einsehen<\/a>.<\/p>\n<p><strong>Allgemeine inhaltliche Verantwortung<\/strong><br \/>\nDas Angebot von www.lhg-ffm.de besteht aus eigenen und fremden redaktionellen Inhalten.<\/p>\n<p>Bez\u00fcglich eigener redaktioneller Inhalte besteht eine inhaltliche Verantwortlichkeit der Liberalen Hochschulgruppe Frankfurt\/Main<\/p>\n<p>Bez\u00fcglich fremder Inhalte, die uns unsere Partner zur Verf\u00fcgung stellen wird keine Gew\u00e4hr f\u00fcr die Richtigkeit \u00fcbernommen und jede Haftung ausgeschlossen.<\/p>\n<p>Bez\u00fcglich fremder Inhalte, zu denen Verkn\u00fcpfungen (Links) bestehen, distanzieren wir uns entsprechend dem Urteil des Landgerichts Hamburg vom 12. Mai 1998 ausdr\u00fccklich von den Inhalten dieser Internetseiten. F\u00fcr alle Links gilt: Der Anbieter dieser Seiten hat keinen Einfluss auf Inhalt und Gestaltung der verlinkten Seiten. Die Nutzung von Links, die zu Seiten au\u00dferhalb von www.lhg-ffm.de f\u00fchren, erfolgt auf eigene Verantwortung der Nutzer.<\/p>\n<p>Durch das Benutzen der Internetseiten der Liberalen Hochschulgruppe Frankfurt\/Main erkl\u00e4rt sich der Benutzer mit den hier aufgef\u00fchrten rechtlichen Begebenheiten einverstanden. Der Benutzer dieser Internetseiten kann sein Einverst\u00e4ndnis zu den hier aufgef\u00fchrten rechtlichen Bestimmungen jeder Zeit Widerrufen.<\/p>\n<p>Wenn Sie weitere Fragen haben, k\u00f6nnen Sie sich jederzeit an <strong>k&#111;&#x6e;&#x74;a&#107;&#x74;&#x40;l&#104;&#x67;&#x2d;f&#102;&#x6d;&#x2e;d&#101;<\/strong> wenden<\/p>\n","protected":false},"excerpt":{"rendered":"<p>Anbieterkennzeichnung Liberale Hochschulgruppe Frankfurt\/Main Studierendenhaus Raum C136 Mertonstr. 26-28 60325 Frankfurt am Main Verantwortlich im Sinne des Presserechts: Redaktion: Carl Gerhold Kontakt: kontakt&#64;&#108;&#104;&#103;&#45;&#102;&#102;&#109;&#46;&#100;&#101; Rechtliche Hinweise Sicherheit f\u00fcr Internet Nutzer Bei der Speicherung und Verwendung von personenbezogenen Daten halten wir uns an die Grunds\u00e4tze des Online Datenschutzes. Wir weisen ausdr\u00fccklich darauf hin, das die derzeit an [&hellip;]<\/p>\n","protected":false},"author":68,"featured_media":0,"parent":0,"menu_order":5,"comment_status":"open","ping_status":"open","template":"","meta":{"footnotes":""},"class_list":["post-10","page","type-page","status-publish","hentry"],"_links":{"self":[{"href":"https:\/\/lhg-ffm.de\/index.php?rest_route=\/wp\/v2\/pages\/10","targetHints":{"allow":["GET"]}}],"collection":[{"href":"https:\/\/lhg-ffm.de\/index.php?rest_route=\/wp\/v2\/pages"}],"about":[{"href":"https:\/\/lhg-ffm.de\/index.php?rest_route=\/wp\/v2\/types\/page"}],"author":[{"embeddable":true,"href":"https:\/\/lhg-ffm.de\/index.php?rest_route=\/wp\/v2\/users\/68"}],"replies":[{"embeddable":true,"href":"https:\/\/lhg-ffm.de\/index.php?rest_route=%2Fwp%2Fv2%2Fcomments&post=10"}],"version-history":[{"count":1,"href":"https:\/\/lhg-ffm.de\/index.php?rest_route=\/wp\/v2\/pages\/10\/revisions"}],"predecessor-version":[{"id":1616,"href":"https:\/\/lhg-ffm.de\/index.php?rest_route=\/wp\/v2\/pages\/10\/revisions\/1616"}],"wp:attachment":[{"href":"https:\/\/lhg-ffm.de\/index.php?rest_route=%2Fwp%2Fv2%2Fmedia&parent=10"}],"curies":[{"name":"wp","href":"https:\/\/api.w.org\/{rel}","templated":true}]}}