{"id":12,"date":"2014-04-07T10:44:41","date_gmt":"2014-04-07T08:44:41","guid":{"rendered":"https:\/\/www.lhg-ffm.de\/?page_id=12"},"modified":"2025-01-15T16:06:41","modified_gmt":"2025-01-15T14:06:41","slug":"gremien","status":"publish","type":"page","link":"https:\/\/lhg-ffm.de\/?page_id=12","title":{"rendered":"Gremien"},"content":{"rendered":"\n<p>Das sind die beiden relevanten Gremien an der Goethe-Universit\u00e4t:<\/p>\n\n\n\n<p><a href=\"https:\/\/lhg-ffm.de\/?page_id=984\" data-type=\"page\" data-id=\"984\">Studierendenparlament<\/a><\/p>\n\n\n\n<p><a href=\"https:\/\/lhg-ffm.de\/?page_id=973\" data-type=\"page\" data-id=\"973\">Senat<\/a><\/p>\n\n\n\n<p>In der Wahlperiode 2024\/25 sind wir mit der LHG im StuPa vertreten und m\u00f6chten gerne wieder zur\u00fcck in den Senat!<br>Klicke auf die Links, um zu den Seiten der Gremien zu gelangen, um mehr \u00fcber unsere Arbeit zu erfahren.<\/p>\n\n\n\n<p><\/p>\n","protected":false},"excerpt":{"rendered":"<p>Das sind die beiden relevanten Gremien an der Goethe-Universit\u00e4t: Studierendenparlament Senat In der Wahlperiode 2024\/25 sind wir mit der LHG im StuPa vertreten und m\u00f6chten gerne wieder zur\u00fcck in den Senat!Klicke auf die Links, um zu den Seiten der Gremien zu gelangen, um mehr \u00fcber unsere Arbeit zu erfahren.<\/p>\n","protected":false},"author":68,"featured_media":0,"parent":0,"menu_order":4,"comment_status":"open","ping_status":"open","template":"","meta":{"footnotes":""},"class_list":["post-12","page","type-page","status-publish","hentry"],"_links":{"self":[{"href":"https:\/\/lhg-ffm.de\/index.php?rest_route=\/wp\/v2\/pages\/12","targetHints":{"allow":["GET"]}}],"collection":[{"href":"https:\/\/lhg-ffm.de\/index.php?rest_route=\/wp\/v2\/pages"}],"about":[{"href":"https:\/\/lhg-ffm.de\/index.php?rest_route=\/wp\/v2\/types\/page"}],"author":[{"embeddable":true,"href":"https:\/\/lhg-ffm.de\/index.php?rest_route=\/wp\/v2\/users\/68"}],"replies":[{"embeddable":true,"href":"https:\/\/lhg-ffm.de\/index.php?rest_route=%2Fwp%2Fv2%2Fcomments&post=12"}],"version-history":[{"count":1,"href":"https:\/\/lhg-ffm.de\/index.php?rest_route=\/wp\/v2\/pages\/12\/revisions"}],"predecessor-version":[{"id":1535,"href":"https:\/\/lhg-ffm.de\/index.php?rest_route=\/wp\/v2\/pages\/12\/revisions\/1535"}],"wp:attachment":[{"href":"https:\/\/lhg-ffm.de\/index.php?rest_route=%2Fwp%2Fv2%2Fmedia&parent=12"}],"curies":[{"name":"wp","href":"https:\/\/api.w.org\/{rel}","templated":true}]}}