{"id":1357,"date":"2014-03-30T22:47:27","date_gmt":"2014-03-30T22:47:27","guid":{"rendered":"https:\/\/www.lhg-ffm.de\/?page_id=2"},"modified":"2025-01-15T16:20:22","modified_gmt":"2025-01-15T14:20:22","slug":"wir-ueber-uns","status":"publish","type":"page","link":"https:\/\/lhg-ffm.de\/?page_id=1357","title":{"rendered":"\u00fcber uns &amp; Mitmachen"},"content":{"rendered":"\n<p><strong><em>Die LHG &#8211; Deine Stimme f\u00fcr die Freiheit an der Goethe-Uni! <\/em><\/strong><\/p>\n\n\n\n<p>Wir sind eine Gruppe von Studierenden aus verschiedenen Fachbereichen, Semestern und Studieng\u00e4ngen. Wir treffen uns ungef\u00e4hr einmal im Monat zu einem Gruppentreffen, bei dem wir \u00fcber die Universit\u00e4t, das Studium, Hochschulpolitik und alles m\u00f6gliche andere sprechen. Uns vereint das liberale Weltbild und das Ideal der Freiheit. Wir wollen die Studienbedingungen verbessern und eine Universit\u00e4t, die in die F\u00e4higkeiten ihrer Studenten vertraut und ein Studium in Freiheit und Eigenverantwortung zul\u00e4sst. F\u00fcr uns setzt sich gute Hochschulpolitik f\u00fcr die konkreten Belange der Studierenden ein und befasst sich nicht mit Allgemeinpolitik oder versucht, vom Campus aus die Welt zu retten. Das unterscheidet uns von anderen hochschulpolitischen Gruppen. <\/p>\n\n\n<div class=\"wp-block-image\">\n<figure class=\"aligncenter size-large is-resized\"><a href=\"https:\/\/lhg-ffm.de\/wp-content\/uploads\/sites\/23\/2023\/08\/Bildschirmfoto-2023-08-20-um-13.56.38-1.png\"><img loading=\"lazy\" decoding=\"async\" width=\"1024\" height=\"662\" src=\"https:\/\/lhg-ffm.de\/wp-content\/uploads\/sites\/23\/2023\/08\/Bildschirmfoto-2023-08-20-um-13.56.38-1-1024x662.png\" alt=\"\" class=\"wp-image-1356\" style=\"width:550px;height:355px\" srcset=\"https:\/\/lhg-ffm.de\/wp-content\/uploads\/sites\/23\/2023\/08\/Bildschirmfoto-2023-08-20-um-13.56.38-1-1024x662.png 1024w, https:\/\/lhg-ffm.de\/wp-content\/uploads\/sites\/23\/2023\/08\/Bildschirmfoto-2023-08-20-um-13.56.38-1-300x194.png 300w, https:\/\/lhg-ffm.de\/wp-content\/uploads\/sites\/23\/2023\/08\/Bildschirmfoto-2023-08-20-um-13.56.38-1-768x496.png 768w, https:\/\/lhg-ffm.de\/wp-content\/uploads\/sites\/23\/2023\/08\/Bildschirmfoto-2023-08-20-um-13.56.38-1-1536x993.png 1536w, https:\/\/lhg-ffm.de\/wp-content\/uploads\/sites\/23\/2023\/08\/Bildschirmfoto-2023-08-20-um-13.56.38-1.png 1956w\" sizes=\"auto, (max-width: 1024px) 100vw, 1024px\" \/><\/a><\/figure>\n<\/div>\n\n\n<div style=\"height:15px\" aria-hidden=\"true\" class=\"wp-block-spacer\"><\/div>\n\n\n\n<hr class=\"wp-block-separator has-alpha-channel-opacity\" \/>\n\n\n\n<p><strong><em>Werde jetzt bei uns aktiv und setze dich f\u00fcr ein freiheitliches Studium ein! <\/em><\/strong><br><br>Wir sind jederzeit offen f\u00fcr Interessenten und neue Mitglieder. Falls du uns einmal kennen lernen m\u00f6chtest oder mehr Informationen haben m\u00f6chtest, schreib uns gerne eine DM auf Instagram oder kontaktiere uns per Mail. Gerne laden wir dich auch zu unserem n\u00e4chsten Gruppentreffen ein. Wir freuen uns auf deine Nachricht! <br><br>Hochschulpolitik ist ein tolles Hobby, das zahlreiche M\u00f6glichkeiten gibt, sich selbst weiter zu entwickeln und einmal ein wenig in die Politik hineinzuschnuppern. Schau dir unseren Neumitgliederflyer an und entdecke die Benefits eines hochschulpolitischen Engagements! <\/p>\n\n\n\n<div data-wp-interactive=\"core\/file\" class=\"wp-block-file aligncenter\"><object data-wp-bind--hidden=\"!state.hasPdfPreview\" hidden class=\"wp-block-file__embed\" data=\"https:\/\/lhg-ffm.de\/wp-content\/uploads\/sites\/23\/2025\/01\/Neumitgliederflyer.pdf\" type=\"application\/pdf\" style=\"width:100%;height:600px\" aria-label=\"Einbettung von Neumitgliederflyer.\"><\/object><a id=\"wp-block-file--media-82dba837-c649-4603-ab4c-26d8160671f6\" href=\"https:\/\/lhg-ffm.de\/wp-content\/uploads\/sites\/23\/2025\/01\/Neumitgliederflyer.pdf\">Neumitgliederflyer<\/a><a href=\"https:\/\/lhg-ffm.de\/wp-content\/uploads\/sites\/23\/2025\/01\/Neumitgliederflyer.pdf\" class=\"wp-block-file__button wp-element-button\" download aria-describedby=\"wp-block-file--media-82dba837-c649-4603-ab4c-26d8160671f6\">Herunterladen<\/a><\/div>\n\n\n\n<hr class=\"wp-block-separator has-alpha-channel-opacity\" \/>\n\n\n\n<h4 class=\"wp-block-heading has-text-align-center\">Satzung der LHG Frankfurt<\/h4>\n\n\n\n<div class=\"wp-block-buttons is-content-justification-center is-layout-flex wp-container-core-buttons-is-layout-16018d1d wp-block-buttons-is-layout-flex\">\n<div class=\"wp-block-button\"><a class=\"wp-block-button__link wp-element-button\" href=\"https:\/\/lhg-ffm.de\/wp-content\/uploads\/sites\/23\/2021\/10\/Unsere-Satzung.pdf\" target=\"_blank\" rel=\"noreferrer noopener\">Satzung LHG<\/a><\/div>\n<\/div>\n","protected":false},"excerpt":{"rendered":"<p>Die LHG &#8211; Deine Stimme f\u00fcr die Freiheit an der Goethe-Uni! Wir sind eine Gruppe von Studierenden aus verschiedenen Fachbereichen, Semestern und Studieng\u00e4ngen. Wir treffen uns ungef\u00e4hr einmal im Monat zu einem Gruppentreffen, bei dem wir \u00fcber die Universit\u00e4t, das Studium, Hochschulpolitik und alles m\u00f6gliche andere sprechen. Uns vereint das liberale Weltbild und das Ideal [&hellip;]<\/p>\n","protected":false},"author":68,"featured_media":1232,"parent":0,"menu_order":1,"comment_status":"open","ping_status":"open","template":"","meta":{"footnotes":""},"class_list":["post-1357","page","type-page","status-publish","has-post-thumbnail","hentry"],"_links":{"self":[{"href":"https:\/\/lhg-ffm.de\/index.php?rest_route=\/wp\/v2\/pages\/1357","targetHints":{"allow":["GET"]}}],"collection":[{"href":"https:\/\/lhg-ffm.de\/index.php?rest_route=\/wp\/v2\/pages"}],"about":[{"href":"https:\/\/lhg-ffm.de\/index.php?rest_route=\/wp\/v2\/types\/page"}],"author":[{"embeddable":true,"href":"https:\/\/lhg-ffm.de\/index.php?rest_route=\/wp\/v2\/users\/68"}],"replies":[{"embeddable":true,"href":"https:\/\/lhg-ffm.de\/index.php?rest_route=%2Fwp%2Fv2%2Fcomments&post=1357"}],"version-history":[{"count":4,"href":"https:\/\/lhg-ffm.de\/index.php?rest_route=\/wp\/v2\/pages\/1357\/revisions"}],"predecessor-version":[{"id":1542,"href":"https:\/\/lhg-ffm.de\/index.php?rest_route=\/wp\/v2\/pages\/1357\/revisions\/1542"}],"wp:featuredmedia":[{"embeddable":true,"href":"https:\/\/lhg-ffm.de\/index.php?rest_route=\/wp\/v2\/media\/1232"}],"wp:attachment":[{"href":"https:\/\/lhg-ffm.de\/index.php?rest_route=%2Fwp%2Fv2%2Fmedia&parent=1357"}],"curies":[{"name":"wp","href":"https:\/\/api.w.org\/{rel}","templated":true}]}}