{"id":483,"date":"2015-06-17T22:43:37","date_gmt":"2015-06-17T20:43:37","guid":{"rendered":"https:\/\/www.lhg-ffm.de\/?page_id=483"},"modified":"2025-01-15T16:59:42","modified_gmt":"2025-01-15T14:59:42","slug":"fachbereich-jura","status":"publish","type":"page","link":"https:\/\/lhg-ffm.de\/?page_id=483","title":{"rendered":"Fachbereich 01 Rechtswissenschaften"},"content":{"rendered":"<p>Daf\u00fcr wollen wir uns im Fachbereich Jura einsetzen:<\/p>\n<ul>\n<li>Studienbedingungen verbessern:<\/li>\n<\/ul>\n<p>&#8211; Klausurensammlung aufrechterhalten<\/p>\n<p>&#8211; die Koordination zwischen Lehrst\u00fchlen und dem Pr\u00fcfungsamt muss verbessert werden<\/p>\n<ul>\n<li>Schwerpunktbereiche ausbauen:<\/li>\n<\/ul>\n<p>&#8211; mehr Pl\u00e4tze in den Schwerpunktbereichen zur Verf\u00fcgung stellen, damit jeder seinen gew\u00fcnschten Schwerpunktbereich besuchen kann<\/p>\n<ul>\n<li>Jura-Bachelor<\/li>\n<\/ul>\n","protected":false},"excerpt":{"rendered":"<p>Daf\u00fcr wollen wir uns im Fachbereich Jura einsetzen: Studienbedingungen verbessern: &#8211; Klausurensammlung aufrechterhalten &#8211; die Koordination zwischen Lehrst\u00fchlen und dem Pr\u00fcfungsamt muss verbessert werden Schwerpunktbereiche ausbauen: &#8211; mehr Pl\u00e4tze in den Schwerpunktbereichen zur Verf\u00fcgung stellen, damit jeder seinen gew\u00fcnschten Schwerpunktbereich besuchen kann Jura-Bachelor<\/p>\n","protected":false},"author":68,"featured_media":0,"parent":0,"menu_order":0,"comment_status":"open","ping_status":"open","template":"","meta":{"_monsterinsights_skip_tracking":false,"_monsterinsights_sitenote_active":false,"_monsterinsights_sitenote_note":"","_monsterinsights_sitenote_category":0,"footnotes":""},"class_list":["post-483","page","type-page","status-publish","hentry"],"_links":{"self":[{"href":"https:\/\/lhg-ffm.de\/index.php?rest_route=\/wp\/v2\/pages\/483","targetHints":{"allow":["GET"]}}],"collection":[{"href":"https:\/\/lhg-ffm.de\/index.php?rest_route=\/wp\/v2\/pages"}],"about":[{"href":"https:\/\/lhg-ffm.de\/index.php?rest_route=\/wp\/v2\/types\/page"}],"author":[{"embeddable":true,"href":"https:\/\/lhg-ffm.de\/index.php?rest_route=\/wp\/v2\/users\/68"}],"replies":[{"embeddable":true,"href":"https:\/\/lhg-ffm.de\/index.php?rest_route=%2Fwp%2Fv2%2Fcomments&post=483"}],"version-history":[{"count":1,"href":"https:\/\/lhg-ffm.de\/index.php?rest_route=\/wp\/v2\/pages\/483\/revisions"}],"predecessor-version":[{"id":1575,"href":"https:\/\/lhg-ffm.de\/index.php?rest_route=\/wp\/v2\/pages\/483\/revisions\/1575"}],"wp:attachment":[{"href":"https:\/\/lhg-ffm.de\/index.php?rest_route=%2Fwp%2Fv2%2Fmedia&parent=483"}],"curies":[{"name":"wp","href":"https:\/\/api.w.org\/{rel}","templated":true}]}}