{"id":485,"date":"2015-06-17T22:44:07","date_gmt":"2015-06-17T20:44:07","guid":{"rendered":"https:\/\/www.lhg-ffm.de\/?page_id=485"},"modified":"2015-06-17T22:44:07","modified_gmt":"2015-06-17T20:44:07","slug":"fachbereich-wirtschaftswissenschaften","status":"publish","type":"page","link":"https:\/\/lhg-ffm.de\/?page_id=485","title":{"rendered":"Fachbereich 02 Wirtschaftswissenschaften"},"content":{"rendered":"<p>Daf\u00fcr wollen wir uns im Fachbereich Wirtschaftswissenschaften einsetzen:<\/p>\n<ul>\n<li>Erstsemestersituation verbessern:<\/li>\n<\/ul>\n<p>&#8211; Veranstaltungen doppelt lesen<br \/>\n&#8211; alle Vorlesungen aufzeichnen<\/p>\n<ul>\n<li>Gute Fachschaftsarbeit:<\/li>\n<\/ul>\n<p>&#8211; Aktiv im Pr\u00fcfungsausschuss<br \/>\n&#8211; Wiedereinf\u00fchrung von Nachschreibeklausuren auch f\u00fcr Einf\u00fchrungsveranstaltungen<\/p>\n<ul>\n<li>Studentische Versorgung:<\/li>\n<\/ul>\n<p>&#8211; Caf\u00e9 Explizit Sonntags \u00f6ffnen<br \/>\n&#8211; Eine Abendmensa auf dem Campus<\/p>\n","protected":false},"excerpt":{"rendered":"<p>Daf\u00fcr wollen wir uns im Fachbereich Wirtschaftswissenschaften einsetzen: Erstsemestersituation verbessern: &#8211; Veranstaltungen doppelt lesen &#8211; alle Vorlesungen aufzeichnen Gute Fachschaftsarbeit: &#8211; Aktiv im Pr\u00fcfungsausschuss &#8211; Wiedereinf\u00fchrung von Nachschreibeklausuren auch f\u00fcr Einf\u00fchrungsveranstaltungen Studentische Versorgung: &#8211; Caf\u00e9 Explizit Sonntags \u00f6ffnen &#8211; Eine Abendmensa auf dem Campus<\/p>\n","protected":false},"author":68,"featured_media":0,"parent":0,"menu_order":0,"comment_status":"open","ping_status":"open","template":"","meta":{"footnotes":""},"class_list":["post-485","page","type-page","status-publish","hentry"],"_links":{"self":[{"href":"https:\/\/lhg-ffm.de\/index.php?rest_route=\/wp\/v2\/pages\/485","targetHints":{"allow":["GET"]}}],"collection":[{"href":"https:\/\/lhg-ffm.de\/index.php?rest_route=\/wp\/v2\/pages"}],"about":[{"href":"https:\/\/lhg-ffm.de\/index.php?rest_route=\/wp\/v2\/types\/page"}],"author":[{"embeddable":true,"href":"https:\/\/lhg-ffm.de\/index.php?rest_route=\/wp\/v2\/users\/68"}],"replies":[{"embeddable":true,"href":"https:\/\/lhg-ffm.de\/index.php?rest_route=%2Fwp%2Fv2%2Fcomments&post=485"}],"version-history":[{"count":0,"href":"https:\/\/lhg-ffm.de\/index.php?rest_route=\/wp\/v2\/pages\/485\/revisions"}],"wp:attachment":[{"href":"https:\/\/lhg-ffm.de\/index.php?rest_route=%2Fwp%2Fv2%2Fmedia&parent=485"}],"curies":[{"name":"wp","href":"https:\/\/api.w.org\/{rel}","templated":true}]}}