{"id":6,"date":"2014-03-31T12:43:57","date_gmt":"2014-03-31T10:43:57","guid":{"rendered":"https:\/\/www.lhg-ffm.de\/?page_id=6"},"modified":"2014-03-31T12:43:57","modified_gmt":"2014-03-31T10:43:57","slug":"presse","status":"publish","type":"page","link":"https:\/\/lhg-ffm.de\/?page_id=6","title":{"rendered":"Presse"},"content":{"rendered":"<div>\n<div style=\"float: left;width: 35%;padding-right: 5%\"><\/div>\n<div><\/div>\n<div><\/div>\n<div><\/div>\n<div><\/div>\n<div class=\"clear\">Bei Anfragen erreichen Sie uns unter der E-Mail <a href=\"&#x6d;&#x61;&#x69;&#x6c;&#x74;&#x6f;&#x3a;&#x6b;&#x6f;&#x6e;&#x74;&#x61;&#x6b;&#x74;&#64;&#108;&#104;&#103;&#45;&#102;&#102;&#109;&#46;&#100;&#101;\">&#107;&#x6f;n&#x74;a&#107;&#x74;&#64;&#x6c;h&#103;&#x2d;&#102;&#x66;m&#x2e;&#x64;&#101;<\/a><\/div>\n<\/div>\n<p>Unsere Pressemitteilungen:<\/p>\n<p>02. April 2021 &#8211; <a href=\"https:\/\/lhg-ffm.de\/wp-content\/uploads\/sites\/23\/2021\/04\/PM-U4-Ausbau_Students-for-Future-\u2013-Kopie.pdf\">LHG Frankfurt kritisiert die Blockade des U4-Ausbaus durch \u201eStudents for Future\u201c<\/a><\/p>\n<p>12. Oktober 2020 &#8211; <a href=\"https:\/\/lhg-ffm.de\/wp-content\/uploads\/sites\/23\/2020\/10\/Pressemitteilung_Salger_12.10.2020.pdf\">Stellungnahme zu Prof. Dr. Hanns-Christian Salger<\/a><\/p>\n<p>09. Juli 2020 &#8211; <a href=\"https:\/\/lhg-ffm.de\/wp-content\/uploads\/sites\/23\/2020\/07\/Vorlage-Pressemitteilung.pdf\">LHG gratuliert Prof. Schleiff zur Wahl als Pr\u00e4sident<\/a><\/p>\n<p>30. Juni 2020 &#8211; <a href=\"https:\/\/lhg-ffm.de\/wp-content\/uploads\/sites\/23\/2020\/06\/PM_LHG_RCDS_Boykott-3.pdf\">Opposition boykottiert AStA-Wahl<\/a><\/p>\n<p>20. Juni 2020 &#8211; <a href=\"https:\/\/lhg-ffm.de\/wp-content\/uploads\/sites\/23\/2020\/06\/Pressemitteilung_20.06.20.pdf\">Durchsuchungen in R\u00e4umen des AStA<\/a><\/p>\n<p>25. Juni 2019 &#8211; <a href=\"https:\/\/www.lhg-ffm.de\/pressemitteilung-25-06-2019\/\">LHG distanziert sich von Flipchart<\/a><\/p>\n<p>29. Mai 2019 &#8211; <a href=\"https:\/\/www.lhg-ffm.de\/lhg-frankfurt-waehlt-neuen-vorstand-2\/\">LHG Frankfurt w\u00e4hlt neuen Vorstand<\/a><\/p>\n<p>27. Mai 2018 &#8211; <a href=\"https:\/\/www.lhg-ffm.de\/?p=872&amp;preview=true\">AStA erh\u00f6ht Semesterbeitrag<\/a><\/p>\n<p>28. September 2017 &#8211; <a href=\"https:\/\/www.lhg-ffm.de\/?p=855&amp;preview=true\">Stellungnahme zum Umgang mit Extremismus an der Universit\u00e4t<\/a><\/p>\n<p>22. September 2017 &#8211; <a href=\"https:\/\/www.lhg-ffm.de\/?p=845&amp;preview=true\">AStA\u00a0Koalition\u00a0bezichtigt\u00a0Unternehmen\u00a0der\u00a0unlauteren\u00a0Einflussnahme\u00a0auf\u00a0die\u00a0Freiheit\u00a0der\u00a0Lehre<\/a><\/p>\n<p>12. Juli 2017 &#8211; <a href=\"https:\/\/www.lhg-ffm.de\/lhg-waehlt-neuen-vortsand\/\">LHG w\u00e4hlt neuen Vorstand<\/a><\/p>\n<p>31. Januar 2017 &#8211; <a href=\"https:\/\/www.lhg-ffm.de\/schluss-mit-der-parkplatzsuche-lhg-frankfurt-fordert-bessere-parkmoeglichkeiten\/\">LHG Frankfurt fordert bessere Parkplatzm\u00f6glichkeiten<\/a><\/p>\n<p>30. Juni 2016 &#8211; <a href=\"https:\/\/www.lhg-ffm.de\/lhg-frankfurt-waehlt-neuen-vorstand\/\" target=\"_blank\" rel=\"noopener noreferrer\">LHG Frankfurt w\u00e4hlt neuen Vorstand<\/a><\/p>\n<p>16. Februar 2016 &#8211; <a href=\"https:\/\/www.lhg-ffm.de\/?p=632\" target=\"_blank\" rel=\"noopener noreferrer\">LHG Frankfurt holt sich ihren zweiten Sitz im StuPa zur\u00fcck<\/a><\/p>\n<p>04. August 2015 &#8211; <a href=\"https:\/\/lhg-ffm.de\/wp-content\/uploads\/sites\/23\/2015\/08\/PM-Ginnheimer-Kurve.pdf\" target=\"_blank\" rel=\"noopener noreferrer\">LHG bef\u00fcrwortet U-Bahn-Projekt &#8222;Ginnheimer Kurve&#8220;<\/a><\/p>\n<p>27. Juli 2015 &#8211; <a href=\"https:\/\/www.lhg-ffm.de\/wp-content\/uploads\/2015\/07\/PM-Neuer-Vorstand-LHG-FFM.pdf\" target=\"_blank\" rel=\"noopener noreferrer\">Neuer Vorstand bei der LHG Frankfurt<\/a><\/p>\n<p>06. Oktober 2014 &#8211; <a title=\"Permalink zu Vorstandswechsel bei der Liberalen Hochschulgruppe Frankfurt am Main\" href=\"https:\/\/www.lhg-ffm.de\/vorstandswechsel-bei-der-liberalen-hochschulgruppe-frankfurt-am-main\/\" rel=\"bookmark\">Vorstandswechsel bei der Liberalen Hochschulgruppe Frankfurt am Main<\/a><\/p>\n<p>16. April 2014 &#8211; <a href=\"https:\/\/www.lhg-ffm.de\/selber-grillen-statt-luxusmensa\/\">Selber Grillen statt Luxusmensa<\/a><\/p>\n<p>17. Februar 2014 &#8211; <a href=\"https:\/\/www.lhg-ffm.de\/asta-koalition-nicht-in-der-lage-einen-haushalt-zu-verabschieden\/\">AStA Koalition nicht in der Lage einen Haushalt zu verabschieden<\/a><\/p>\n<p>19. Januar 2014 &#8211; <a href=\"https:\/\/www.lhg-ffm.de\/unkreative-ziele-der-landesregierung\/\">Unkreative Ziele der Landesregierung f\u00fcr die Verfasste Studierendenschaft<\/a><\/p>\n<p>02. Dezember 2013 &#8211; <a href=\"https:\/\/www.lhg-ffm.de\/hochschul-wahl-o-mat\/\">Hochschulwahl Wahl-o-Mat an der Goethe-Universit\u00e4t<\/a><\/p>\n<p>14. November 2013 &#8211; <a href=\"https:\/\/www.lhg-ffm.de\/opposition-fordert-ruecktritt-des-asta-vorsitzenden-david-malcharczyk\/\">Opposition fordert R\u00fccktritt des AStA Vorsitzenden David Malcharczyk<\/a><\/p>\n<p>02. Oktober 2013 &#8211; <a href=\"https:\/\/www.lhg-ffm.de\/vorstandswahlen-bei-der-liberalen-hochschulgruppe-lhg-frankfurt\/\">Vorstandswahlen bei der Liberalen Hochschulgruppe (LHG) Frankfurt<\/a><\/p>\n<p>30. November 2012 &#8211; <a href=\"https:\/\/www.lhg-ffm.de\/studentische-mobilitaet-verbessert\/\">Studentische Mobilit\u00e4t verbessert<\/a><\/p>\n<p>30. August 2012 &#8211; <a href=\"https:\/\/www.lhg-ffm.de\/start-des-deutschland-stipendiums-2012\/\">Start des Deutschland Stipendiums 2012<\/a><\/p>\n<p>01. Juli 2012 &#8211; <a href=\"https:\/\/www.lhg-ffm.de\/philosophicum-raeumen\/\">Philosophicum r\u00e4umen<\/a><\/p>\n<p>15. Juni 2012 &#8211; <a href=\"https:\/\/www.lhg-ffm.de\/Goethe-Universitaet-auch-weiterhin-exzellent\">Goethe-Universit\u00e4t auch weiterhin exzellent<\/a><\/p>\n<p>24. Mai 2012 &#8211; <a href=\"https:\/\/www.lhg-ffm.de\/lhg-kritisiert-das-verhalten-des-asta\/\">LHG kritisiert das Verhalten des AStA<\/a><\/p>\n<p>16. Mai 2012 &#8211; <a href=\"https:\/\/www.lhg-ffm.de\/lhg-befuerwortet-universitaetsschliessung\/\">LHG bef\u00fcrwortet Universit\u00e4tsschlie\u00dfung<\/a><\/p>\n","protected":false},"excerpt":{"rendered":"<p>Bei Anfragen erreichen Sie uns unter der E-Mail &#107;&#x6f;&#110;&#x74;&#97;&#x6b;&#116;&#x40;&#108;&#x68;&#103;&#x2d;&#102;&#x66;&#109;&#x2e;&#100;&#x65; Unsere Pressemitteilungen: 02. April 2021 &#8211; LHG Frankfurt kritisiert die Blockade des U4-Ausbaus durch \u201eStudents for Future\u201c 12. Oktober 2020 &#8211; Stellungnahme zu Prof. Dr. Hanns-Christian Salger 09. Juli 2020 &#8211; LHG gratuliert Prof. Schleiff zur Wahl als Pr\u00e4sident 30. Juni 2020 &#8211; Opposition boykottiert AStA-Wahl [&hellip;]<\/p>\n","protected":false},"author":68,"featured_media":0,"parent":0,"menu_order":2,"comment_status":"open","ping_status":"open","template":"","meta":{"footnotes":""},"class_list":["post-6","page","type-page","status-publish","hentry"],"_links":{"self":[{"href":"https:\/\/lhg-ffm.de\/index.php?rest_route=\/wp\/v2\/pages\/6","targetHints":{"allow":["GET"]}}],"collection":[{"href":"https:\/\/lhg-ffm.de\/index.php?rest_route=\/wp\/v2\/pages"}],"about":[{"href":"https:\/\/lhg-ffm.de\/index.php?rest_route=\/wp\/v2\/types\/page"}],"author":[{"embeddable":true,"href":"https:\/\/lhg-ffm.de\/index.php?rest_route=\/wp\/v2\/users\/68"}],"replies":[{"embeddable":true,"href":"https:\/\/lhg-ffm.de\/index.php?rest_route=%2Fwp%2Fv2%2Fcomments&post=6"}],"version-history":[{"count":0,"href":"https:\/\/lhg-ffm.de\/index.php?rest_route=\/wp\/v2\/pages\/6\/revisions"}],"wp:attachment":[{"href":"https:\/\/lhg-ffm.de\/index.php?rest_route=%2Fwp%2Fv2%2Fmedia&parent=6"}],"curies":[{"name":"wp","href":"https:\/\/api.w.org\/{rel}","templated":true}]}}