{"id":8,"date":"2014-03-31T12:44:18","date_gmt":"2014-03-31T10:44:18","guid":{"rendered":"https:\/\/www.lhg-ffm.de\/?page_id=8"},"modified":"2014-03-31T12:44:18","modified_gmt":"2014-03-31T10:44:18","slug":"inhalte","status":"publish","type":"page","link":"https:\/\/lhg-ffm.de\/?page_id=8","title":{"rendered":"T\u00e4tigkeiten"},"content":{"rendered":"<p>Obwohl wir derzeit nicht am AStA &#8211; der Regierung im Studierendenparlament &#8211; beteiligt sind, k\u00f6nnen wir einige Erfolge aufweisen:<\/p>\n<ul>\n<li>\u00a0<span style=\"text-decoration: underline\">Transparenz:<\/span><\/li>\n<\/ul>\n<p>&#8211;\u00a0 Detaillierte offizielle Protokolle der Studierendenparlamentssitzungen, die nun auch den Diskussionsverlauf wiedergeben<\/p>\n<p>&#8211;\u00a0 Ver\u00f6ffentlichung von Tagesordnungen, Sitzungsberichten und unseren Antr\u00e4gen auf unserer Website und Facebook zu allen Gremien, in denen wir vertreten sind.<\/p>\n<p>&#8211;\u00a0\u00a0 Wahl-O-Mat: Nachdem wir f\u00fcr die Hochschulwahl 2014 einen Antrag zur Einrichtung eines Wahl-O-Mats gestellt hatten, der abgelehnt wurde, haben wir es dieses Jahr geschafft, dass einer Kommission zugestimmt wurde. Diese Kommission wird von uns geleitet und soll laut AStA die Inhalte des Wahl-O-Mats erarbeiten, \u00fcber welche dann im StuPa abgestimmt werden soll. Hochschulpolitik ist uns wichtig und wir geben nicht auf!<\/p>\n<ul>\n<li><span style=\"text-decoration: underline\">Gegen Vandalismus:<\/span><\/li>\n<\/ul>\n<p>Vandalismus verursacht an der Goethe-Universit\u00e4t jedes Jahr einen sechsstelligen Schaden. Bereits 2012 haben wir eine Resolution im Studierendenparlament eingereicht, mit der sich die Studierendenschaft von Vandalismus und Sachbesch\u00e4digung distanzieren sollte. Damals waren wir die einzige (!) Stimme f\u00fcr diesen Antrag. 2014 haben wir aufgrund des Vandalismus auf dem Campus Westend diese Resolution erneut eingereicht. Zwar gab es mehr F\u00fcrsprecher als 2012, jedoch wieder keine Mehrheit. Wir lehnen Vandalismus entschieden ab und m\u00f6chten Probleme konstruktiv l\u00f6sen.<\/p>\n<ul>\n<li><span style=\"text-decoration: underline\">Bibliotheken:<\/span><\/li>\n<\/ul>\n<p>Wir haben uns mit Bibliotheksleitungen getroffen und \u00d6ffnungszeiten, Ausweitung der Leihzeiten, eBooks, Nutzungskonzepte f\u00fcr Gruppenlernr\u00e4ume, etc. diskutiert. Die Ergebnisse dieser Gespr\u00e4che k\u00f6nnt ihr online nachlesen.<\/p>\n<ul>\n<li><span style=\"text-decoration: underline\">Finanzen:<\/span><\/li>\n<\/ul>\n<p>Wir setzen uns daf\u00fcr ein, dass dein Semesterbeitrag sinnvoll verwendet wird! Wir haben uns intensiv in den Haushaltsberatungen, in der Haushaltskommission und den Debatten zu finanzrelevanten Antr\u00e4gen eingemischt. Au\u00dferdem hatten wir Akteneinsicht beim AStA gemacht, um Mittelverschwendung aufgedeckt. Mit eigenen Antr\u00e4gen haben wir zudem versucht, eure Gelder besser einzusetzen. Unser Engagement im \u00dcberblick:<\/p>\n<p>&#8211;\u00a0\u00a0\u00a0\u00a0 Klage gegen die Schaffung eines Haushaltstitels \u201eForum Kritische Wissenschaft\u201c (Umfang: 5.000 Euro) \u2192 stattgegeben<\/p>\n<p>&#8211;\u00a0\u00a0\u00a0\u00a0 Antrag zur Digitalisierung der AStA-Zeitung und Beendung des postalischen Versands an alle Studierenden (Umfang:~100.000 Euro) \u2192 abgelehnt<\/p>\n<p>&#8211;\u00a0\u00a0\u00a0\u00a0 Antrag, dem Diskus Magazin aufgrund von finanzieller Fehlplanung kein weiteres Geld zur Verf\u00fcgung zu stellen (Umfang: 8.000 Euro) \u2192 abgelehnt.<\/p>\n<p><a href=\"https:\/\/lhg-ffm.de\/wp-content\/uploads\/sites\/23\/2023\/01\/Bildschirmfoto-2023-01-26-um-18.39.27.png\"><img loading=\"lazy\" decoding=\"async\" class=\" wp-image-1284 aligncenter\" src=\"https:\/\/lhg-ffm.de\/wp-content\/uploads\/sites\/23\/2023\/01\/Bildschirmfoto-2023-01-26-um-18.39.27-211x300.png\" alt=\"\" width=\"416\" height=\"591\" srcset=\"https:\/\/lhg-ffm.de\/wp-content\/uploads\/sites\/23\/2023\/01\/Bildschirmfoto-2023-01-26-um-18.39.27-211x300.png 211w, https:\/\/lhg-ffm.de\/wp-content\/uploads\/sites\/23\/2023\/01\/Bildschirmfoto-2023-01-26-um-18.39.27-721x1024.png 721w, https:\/\/lhg-ffm.de\/wp-content\/uploads\/sites\/23\/2023\/01\/Bildschirmfoto-2023-01-26-um-18.39.27-768x1091.png 768w, https:\/\/lhg-ffm.de\/wp-content\/uploads\/sites\/23\/2023\/01\/Bildschirmfoto-2023-01-26-um-18.39.27-1081x1536.png 1081w, https:\/\/lhg-ffm.de\/wp-content\/uploads\/sites\/23\/2023\/01\/Bildschirmfoto-2023-01-26-um-18.39.27.png 1104w\" sizes=\"auto, (max-width: 416px) 100vw, 416px\" \/><\/a><\/p>\n","protected":false},"excerpt":{"rendered":"<p>Obwohl wir derzeit nicht am AStA &#8211; der Regierung im Studierendenparlament &#8211; beteiligt sind, k\u00f6nnen wir einige Erfolge aufweisen: \u00a0Transparenz: &#8211;\u00a0 Detaillierte offizielle Protokolle der Studierendenparlamentssitzungen, die nun auch den Diskussionsverlauf wiedergeben &#8211;\u00a0 Ver\u00f6ffentlichung von Tagesordnungen, Sitzungsberichten und unseren Antr\u00e4gen auf unserer Website und Facebook zu allen Gremien, in denen wir vertreten sind. &#8211;\u00a0\u00a0 Wahl-O-Mat: [&hellip;]<\/p>\n","protected":false},"author":68,"featured_media":0,"parent":0,"menu_order":3,"comment_status":"open","ping_status":"open","template":"","meta":{"footnotes":""},"class_list":["post-8","page","type-page","status-publish","hentry"],"_links":{"self":[{"href":"https:\/\/lhg-ffm.de\/index.php?rest_route=\/wp\/v2\/pages\/8","targetHints":{"allow":["GET"]}}],"collection":[{"href":"https:\/\/lhg-ffm.de\/index.php?rest_route=\/wp\/v2\/pages"}],"about":[{"href":"https:\/\/lhg-ffm.de\/index.php?rest_route=\/wp\/v2\/types\/page"}],"author":[{"embeddable":true,"href":"https:\/\/lhg-ffm.de\/index.php?rest_route=\/wp\/v2\/users\/68"}],"replies":[{"embeddable":true,"href":"https:\/\/lhg-ffm.de\/index.php?rest_route=%2Fwp%2Fv2%2Fcomments&post=8"}],"version-history":[{"count":0,"href":"https:\/\/lhg-ffm.de\/index.php?rest_route=\/wp\/v2\/pages\/8\/revisions"}],"wp:attachment":[{"href":"https:\/\/lhg-ffm.de\/index.php?rest_route=%2Fwp%2Fv2%2Fmedia&parent=8"}],"curies":[{"name":"wp","href":"https:\/\/api.w.org\/{rel}","templated":true}]}}