{"id":984,"date":"2019-07-11T17:45:49","date_gmt":"2019-07-11T15:45:49","guid":{"rendered":"http:\/\/www.lhg-ffm.de\/?page_id=984"},"modified":"2025-01-15T16:40:04","modified_gmt":"2025-01-15T14:40:04","slug":"stupa","status":"publish","type":"page","link":"https:\/\/lhg-ffm.de\/?page_id=984","title":{"rendered":"StuPa"},"content":{"rendered":"\n<p>Liebe Kommilitoninnen und Kommilitonen,<\/p>\n\n\n\n<p>wir sind eure StuPa-Fraktion der LHG. Unser Anliegen ist es eure Interessen in der Hochschulpolitik zu vertreten. Dabei kommt es uns vor allem darauf an euch M\u00f6glichkeiten zu geben euer Studium freier zu gestalten. Wir m\u00f6chten euch an dieser Stelle einige unserer Ziele vorstellen.<br>Z\u00f6gert bitte nicht uns bei R\u00fcckfragen oder Anregungen zu kontaktieren.<\/p>\n\n\n\n<figure class=\"wp-block-image\"><a href=\"https:\/\/lhg-ffm.de\/wp-content\/uploads\/sites\/23\/2021\/07\/image.png\"><img loading=\"lazy\" decoding=\"async\" width=\"225\" height=\"300\" src=\"https:\/\/lhg-ffm.de\/wp-content\/uploads\/sites\/23\/2021\/07\/image-225x300.png\" alt=\"\" class=\"wp-image-1141\" srcset=\"https:\/\/lhg-ffm.de\/wp-content\/uploads\/sites\/23\/2021\/07\/image-225x300.png 225w, https:\/\/lhg-ffm.de\/wp-content\/uploads\/sites\/23\/2021\/07\/image.png 605w\" sizes=\"auto, (max-width: 225px) 100vw, 225px\" \/><\/a><\/figure>\n\n\n\n<p>Calvin L\u00f6w&nbsp;<br>Politikwissenschaften&nbsp;<br>Fraktionsvorsitzender StuPa<\/p>\n\n\n\n<h3 class=\"wp-block-heading\"><strong>Unser Wahlprogramm zur StuPa-Wahl 202<\/strong>4<\/h3>\n\n\n\n<h6 class=\"wp-block-heading\"><strong>F\u00fcr eine liberale, digitale und fortschrittliche Universit\u00e4t \u2013 Die Liberale Hochschulgruppe Frankfurt<\/strong><\/h6>\n\n\n\n<p>Wir, die Liberale Hochschulgruppe der Goethe-Uni Frankfurt, sind ein Treffpunkt f\u00fcr alle, die liberale Werte an der Uni und im Studierendenleben vertreten sowie an der Gestaltung der Goethe-Uni und ihres Studiums mitwirken wollen. Wir fordern Verbesserungen, wo immer sie n\u00f6tig sind, und veranstalten f\u00fcr euch Infoabende, Diskussionsrunden, Demonstrationen und Gruppentreffen. Ob im Studierendenparlament, dem Senat oder den Fachbereichen&#8230; Wir sind aktiv dabei und engagieren uns f\u00fcr euch \u2013 f\u00fcr eine liberale, digitale und fortschrittliche Universit\u00e4t!<\/p>\n\n\n\n<p>F\u00fcr die diesj\u00e4hrigen Wahlen zum Studierendenparlament und den Fachschaften haben wir uns folgende Themen \u00fcberlegt, f\u00fcr die wir uns mit eurer Stimme einsetzen werden:<\/p>\n\n\n\n<h6 class=\"wp-block-heading\">Semesterbeitrag runter<\/h6>\n\n\n\n<p>Der Semesterbeitrag der Goethe-Uni Frankfurt z\u00e4hlt mit zu den teuersten Beitr\u00e4gen in ganz Deutschland. Das geht so nicht weiter! Vor allem jetzt, da es das Deutschlandticket gibt, muss der Semesterbeitrag angepasst werden. Studieren an einer der sch\u00f6nsten Universit\u00e4ten Deutschlands muss wieder bezahlbar sein. Mit eurer Stimme gehen wir gegen diese Geldverschwendung des AStAs vor!<\/p>\n\n\n\n<h6 class=\"wp-block-heading\">Mehr Selbstbestimmung im Studium<\/h6>\n\n\n\n<p>Studierende sollten mehr selbst entscheiden k\u00f6nnen, was sie wann, wo und wie lernen. Darum setzen wir uns gegen eine Anwesenheitspflicht bei universit\u00e4ren Veranstaltungen ein und m\u00f6chten ein flexibles Studienmodell beibehalten. Ihr sollt das studieren d\u00fcrfen, was euch wirklich interessiert und voranbringt. Es geht um eure Bildung, eure Zukunft und euren Weg! Mit eurer Stimme werden wir das Studium generale st\u00e4rken!<\/p>\n\n\n\n<h6 class=\"wp-block-heading\">Lern doch, wo du willst<\/h6>\n\n\n\n<p>Corona hat uns allen gezeigt, wie wichtig Flexibilit\u00e4t und Unabh\u00e4ngigkeit im Studium sind. Eine Aufstockung des eBook-Bestandes und der Anzahl der Datenbanken ist l\u00e4ngst \u00fcberf\u00e4llig. Ihr sollt von \u00fcberall aus auf Lernmaterialen zugreifen k\u00f6nnen! Mit eurer Stimme setzen wir uns f\u00fcr die Ausweitung der Datenbanken und Online-Materialien ein!<\/p>\n\n\n\n<h6 class=\"wp-block-heading\">Lernen macht hungrig, nicht nur mittags<\/h6>\n\n\n\n<p>Euch nerven die beschr\u00e4nkten \u00d6ffnungszeiten der Mensen auch? Ihr wollt am Abend nach der Bib-Session oder am Wochenende in die Mensa? Dann gebt uns eure Stimme. Mensen sollen am Abend und am Wochenende \u00f6ffnen!<\/p>\n\n\n\n<h6 class=\"wp-block-heading\">Forschungsstandort st\u00e4rken<\/h6>\n\n\n\n<p>Der Wissenschaft und Forschung sind keine Grenzen gesetzt, darum sollte auch f\u00fcr unsere eigenen Sicherheit geforscht werden d\u00fcrfen. An der Goethe-Uni gibt es eine sog. Zivilklausel, welche Forschung, die einem milit\u00e4rischen Zweck zugeordnet werden kann, pauschal verbietet. Durch die Kooperation von Hochschule und Milit\u00e4r k\u00f6nnten allerdings neue M\u00f6glichkeiten und Chancen f\u00fcr Forschung und Entwicklung entstehen. Eine allgemeine Zivilklausel lehnen wir deshalb ab und fordern stattdessen den Ethikrat der Uni auf, bei umstrittenen Projekten objektiv entscheiden zu k\u00f6nnen. Die Hochschulautonomie darf dabei nicht von au\u00dfen angetastet werden. F\u00fcr die Abschaffung der Zivilklauseln, welche pauschalisierend die Forschung einschr\u00e4nkt!<\/p>\n\n\n\n<h6 class=\"wp-block-heading\">Du bist flexibler als die Bib<\/h6>\n\n\n\n<p>Wer kennt es nicht: Manchmal kommt einem nachts die z\u00fcndende Idee beim Schreiben einer Hausarbeit oder der pl\u00f6tzliche Motivationsschub f\u00fcrs Lernen. Daher musst du flexibler als die Bib sein! Ihr sollt bis zur Abgabe jederzeit Zugriff auf alle Ressourcen haben und produktiv lernen k\u00f6nnen. Die Bib in Riedberg hat beispielsweise sonntags gar nicht offen. Deshalb fordern wir l\u00e4ngere \u00d6ffnungszeiten aller Bibliotheken!<\/p>\n\n\n\n<h6 class=\"wp-block-heading\">Cocktails schl\u00fcrfen statt schmei\u00dfen<\/h6>\n\n\n\n<p>Gegen Extremismus an der Universit\u00e4t!<\/p>\n\n\n\n<h6 class=\"wp-block-heading\">F\u00fcr die Medizin-Studierenden unter uns: Physikums-Geb\u00fchren abschaffen<\/h6>\n\n\n\n<p>Warum m\u00fcssen wir f\u00fcr EINEN Versuch im Physikum rund 95\u20ac bezahlen? Daf\u00fcr, dass R\u00e4umlichkeiten zur Verf\u00fcgung gestellt werden, die auch die Uni stellen k\u00f6nnte? Daf\u00fcr, dass Aufseher engagiert werden, die genauso gut das Uni-Personal sein k\u00f6nnten? Daf\u00fcr, dass pro Person zwei Hefte gedruckt werden? Warum die Kosten nicht durch die bestehenden Gelder der Universit\u00e4t decken und die Last von den Studierenden nehmen!<\/p>\n\n\n\n<h6 class=\"wp-block-heading\">Kartenzahlung \u00fcberall \u2013 Auch f\u00fcr Niederrad!<\/h6>\n\n\n\n<p>Auch am Campus Niederrad im Casino und Kiosks! Ist das WLAN der Universit\u00e4tsklinik so schlecht, dass keine Kartenleseger\u00e4te funktionieren, oder ist das Casino in Niederrad im letzten Jahrhundert stecken geblieben? Bargeldlos zahlen, ohne Mensakarte m\u00f6glich machen!<\/p>\n\n\n<div class=\"wp-block-image\">\n<figure class=\"aligncenter is-resized\"><a href=\"https:\/\/lhg-ffm.de\/wp-content\/uploads\/sites\/23\/2023\/01\/Bildschirmfoto-2023-01-26-um-18.39.27.png\"><img loading=\"lazy\" decoding=\"async\" width=\"211\" height=\"300\" src=\"https:\/\/lhg-ffm.de\/wp-content\/uploads\/sites\/23\/2023\/01\/Bildschirmfoto-2023-01-26-um-18.39.27-211x300.png\" alt=\"\" class=\"wp-image-1284\" style=\"width:331px;height:auto\" srcset=\"https:\/\/lhg-ffm.de\/wp-content\/uploads\/sites\/23\/2023\/01\/Bildschirmfoto-2023-01-26-um-18.39.27-211x300.png 211w, https:\/\/lhg-ffm.de\/wp-content\/uploads\/sites\/23\/2023\/01\/Bildschirmfoto-2023-01-26-um-18.39.27-721x1024.png 721w, https:\/\/lhg-ffm.de\/wp-content\/uploads\/sites\/23\/2023\/01\/Bildschirmfoto-2023-01-26-um-18.39.27-768x1091.png 768w, https:\/\/lhg-ffm.de\/wp-content\/uploads\/sites\/23\/2023\/01\/Bildschirmfoto-2023-01-26-um-18.39.27-1081x1536.png 1081w, https:\/\/lhg-ffm.de\/wp-content\/uploads\/sites\/23\/2023\/01\/Bildschirmfoto-2023-01-26-um-18.39.27.png 1104w\" sizes=\"auto, (max-width: 211px) 100vw, 211px\" \/><\/a><\/figure>\n<\/div>\n\n\n<p><\/p>\n","protected":false},"excerpt":{"rendered":"<p>Liebe Kommilitoninnen und Kommilitonen, wir sind eure StuPa-Fraktion der LHG. Unser Anliegen ist es eure Interessen in der Hochschulpolitik zu vertreten. Dabei kommt es uns vor allem darauf an euch M\u00f6glichkeiten zu geben euer Studium freier zu gestalten. Wir m\u00f6chten euch an dieser Stelle einige unserer Ziele vorstellen.Z\u00f6gert bitte nicht uns bei R\u00fcckfragen oder Anregungen [&hellip;]<\/p>\n","protected":false},"author":68,"featured_media":0,"parent":0,"menu_order":0,"comment_status":"closed","ping_status":"closed","template":"","meta":{"footnotes":""},"class_list":["post-984","page","type-page","status-publish","hentry"],"_links":{"self":[{"href":"https:\/\/lhg-ffm.de\/index.php?rest_route=\/wp\/v2\/pages\/984","targetHints":{"allow":["GET"]}}],"collection":[{"href":"https:\/\/lhg-ffm.de\/index.php?rest_route=\/wp\/v2\/pages"}],"about":[{"href":"https:\/\/lhg-ffm.de\/index.php?rest_route=\/wp\/v2\/types\/page"}],"author":[{"embeddable":true,"href":"https:\/\/lhg-ffm.de\/index.php?rest_route=\/wp\/v2\/users\/68"}],"replies":[{"embeddable":true,"href":"https:\/\/lhg-ffm.de\/index.php?rest_route=%2Fwp%2Fv2%2Fcomments&post=984"}],"version-history":[{"count":2,"href":"https:\/\/lhg-ffm.de\/index.php?rest_route=\/wp\/v2\/pages\/984\/revisions"}],"predecessor-version":[{"id":1559,"href":"https:\/\/lhg-ffm.de\/index.php?rest_route=\/wp\/v2\/pages\/984\/revisions\/1559"}],"wp:attachment":[{"href":"https:\/\/lhg-ffm.de\/index.php?rest_route=%2Fwp%2Fv2%2Fmedia&parent=984"}],"curies":[{"name":"wp","href":"https:\/\/api.w.org\/{rel}","templated":true}]}}